{"id":314,"date":"2017-06-08T12:06:03","date_gmt":"2017-06-08T10:06:03","guid":{"rendered":"http:\/\/www.nuova-asav.it\/?post_type=product&#038;p=314"},"modified":"2021-12-09T09:52:52","modified_gmt":"2021-12-09T08:52:52","slug":"tazze-con-filtro","status":"publish","type":"product","link":"https:\/\/www.nuova-asav.it\/en\/prodotti\/accessories\/tazze-con-filtro\/","title":{"rendered":"Cups with filter"},"content":{"rendered":"<p>MX240<br \/>\n2000 CC<br \/>\n\u00d8 est. 152 mm<br \/>\nh 200 mm<\/p>\n<p>MX230<br \/>\n1000 CC<br \/>\n\u00d8 est. 120 mm<br \/>\nh 153 mm<br \/>\nMX210<br \/>\n500 CC<br \/>\n\u00d8 est. 120 mm<br \/>\nh 105 mm<br \/>\nMX200<br \/>\n200 CC<br \/>\n\u00d8 est. 88 mm<br \/>\nh 70 mm<br \/>\nMX205<br \/>\n200 CC<br \/>\n\u00d8 est. 88 mm<br \/>\nh 70 mm<\/p>\n","protected":false},"excerpt":{"rendered":"<p>MX240 2000 CC \u00d8 est. 152 mm h 200 mm MX230 1000 CC \u00d8 est. 120 mm h 153 mm MX210 500 CC \u00d8 est. 120 mm h 105 mm MX200 200 CC \u00d8 est. 88 mm h 70 mm MX205 200 CC \u00d8 est. 88 mm h 70 mm<\/p>\n","protected":false},"featured_media":1411,"comment_status":"closed","ping_status":"closed","template":"","meta":[],"product_brand":[],"product_cat":[70],"product_tag":[],"class_list":{"0":"post-314","1":"product","2":"type-product","3":"status-publish","4":"has-post-thumbnail","6":"product_cat-accessories","8":"first","9":"instock","10":"taxable","11":"shipping-taxable","12":"product-type-simple"},"_links":{"self":[{"href":"https:\/\/www.nuova-asav.it\/en\/wp-json\/wp\/v2\/product\/314","targetHints":{"allow":["GET"]}}],"collection":[{"href":"https:\/\/www.nuova-asav.it\/en\/wp-json\/wp\/v2\/product"}],"about":[{"href":"https:\/\/www.nuova-asav.it\/en\/wp-json\/wp\/v2\/types\/product"}],"replies":[{"embeddable":true,"href":"https:\/\/www.nuova-asav.it\/en\/wp-json\/wp\/v2\/comments?post=314"}],"wp:featuredmedia":[{"embeddable":true,"href":"https:\/\/www.nuova-asav.it\/en\/wp-json\/wp\/v2\/media\/1411"}],"wp:attachment":[{"href":"https:\/\/www.nuova-asav.it\/en\/wp-json\/wp\/v2\/media?parent=314"}],"wp:term":[{"taxonomy":"product_brand","embeddable":true,"href":"https:\/\/www.nuova-asav.it\/en\/wp-json\/wp\/v2\/product_brand?post=314"},{"taxonomy":"product_cat","embeddable":true,"href":"https:\/\/www.nuova-asav.it\/en\/wp-json\/wp\/v2\/product_cat?post=314"},{"taxonomy":"product_tag","embeddable":true,"href":"https:\/\/www.nuova-asav.it\/en\/wp-json\/wp\/v2\/product_tag?post=314"}],"curies":[{"name":"wp","href":"https:\/\/api.w.org\/{rel}","templated":true}]}}