{"id":195,"date":"2017-05-25T15:41:47","date_gmt":"2017-05-25T13:41:47","guid":{"rendered":"http:\/\/www.nuova-asav.it\/?page_id=195"},"modified":"2025-11-17T11:56:34","modified_gmt":"2025-11-17T10:56:34","slug":"about-us","status":"publish","type":"page","link":"https:\/\/www.nuova-asav.it\/it\/about-us\/","title":{"rendered":"Chi siamo"},"content":{"rendered":"<div class=\"wpb-content-wrapper\"><p>[vc_row][vc_column width=&#8221;2\/3&#8243;][vc_column_text css=&#8221;&#8221;]<\/p>\n<h1 style=\"text-align: justify;\">Produzione di attrezzature per laboratori odontotecnici<\/h1>\n<p style=\"text-align: justify;\">Produciamo per il settore dentale dal 1985 e la nostra migliore garanzia sono i 40 anni di esperienza profusa nella progettazione di apparecchi che devono durare nel tempo. siamo a fianco dei nostri clienti sia con prodotti di serie che personalizzati a vari livelli senza dimenticare il servizio post-vendita che rimane l&#8217;indice della nostra seriet\u00e0 commerciale.<\/p>\n<p style=\"text-align: justify;\">La nostra filosofia: offrire prodotti costruiti con <strong>qualit\u00e0, integrit\u00e0 e orgoglio<\/strong>, minimizzando l\u2019impatto ambientale e fornendo un luogo di lavoro gratificante per noi e per i nostri clienti.<\/p>\n<p>[\/vc_column_text][\/vc_column][vc_column width=&#8221;1\/3&#8243;][vc_single_image image=&#8221;196&#8243; img_size=&#8221;full&#8221; alignment=&#8221;center&#8221; style=&#8221;vc_box_shadow&#8221; onclick=&#8221;link_image&#8221; css_animation=&#8221;appear&#8221;][\/vc_column][\/vc_row][vc_row][vc_column][vc_column_text]<\/p>\n<p style=\"text-align: justify;\">La nostra produzione copre un range di soluzioni molto ampio:<\/p>\n<ul>\n<li><strong>Fotopolimerizzatori <\/strong>per la fotopolimerizzazione di resine e compositi di ogni tipo;<\/li>\n<\/ul>\n<ul style=\"text-align: justify;\">\n<li style=\"text-align: justify;\"><strong>Squadramodelli<\/strong> di nuova concezione;<\/li>\n<li style=\"text-align: justify;\"><strong>Miscelatori<\/strong> potenti e silenziosi;<\/li>\n<li style=\"text-align: justify;\"><strong>Separamonconi<\/strong> per effettuare tagli su modelli di qualsiasi tipo con assoluta precisione e in totale sicurezza;<\/li>\n<li><strong>Foragessi<\/strong> creati per per la foratura precisa e perpendicolare dei modelli in gesso;<\/li>\n<li><strong>Polimerizzatori<\/strong> <strong>a pressione<\/strong> delle resine<\/li>\n<li><strong>Forni<\/strong> per ceramica di ultima generazione;<\/li>\n<li><strong>Fonditrici a induzione automatica<\/strong> per la fusione di leghe preziose;<\/li>\n<\/ul>\n<p style=\"text-align: justify;\">e ancora <strong>Sabbiatrici<\/strong> a 1-2-3 moduli, aspiratori,<strong> micromotori, <\/strong><strong>pulitrici da banco<\/strong>, <strong>compressori<\/strong>, <strong>bunsen<\/strong> elettronici e <strong>doppia spatola per lavorazione cera<\/strong>.<\/p>\n<p style=\"text-align: justify;\">Oltre alle nuove produzioni, abbiamo anche una vasta gamma di attrezzature usate, in ottimo stato, per venire incontro a qualsiasi esigenza economica.<br \/>\nTutto questo perch\u00e9 il nostro focus \u00e8 di rendere la tua esperienza con Nuova ASAV la pi\u00f9 piacevole, semplice e trasparente possibile.<\/p>\n<p>[\/vc_column_text][\/vc_column][\/vc_row]<\/p>\n<\/div>","protected":false},"excerpt":{"rendered":"<p>[vc_row][vc_column width=&#8221;2\/3&#8243;][vc_column_text css=&#8221;&#8221;] Produzione di attrezzature per laboratori odontotecnici Produciamo per il settore dentale dal 1985 e la nostra migliore garanzia sono i 40 anni di esperienza profusa nella progettazione di apparecchi che devono durare nel tempo. siamo a fianco dei nostri clienti sia con prodotti di serie che personalizzati a vari livelli senza dimenticare&hellip;<\/p>\n","protected":false},"author":1,"featured_media":0,"parent":0,"menu_order":0,"comment_status":"closed","ping_status":"closed","template":"","meta":{"footnotes":""},"class_list":["post-195","page","type-page","status-publish","hentry"],"_links":{"self":[{"href":"https:\/\/www.nuova-asav.it\/it\/wp-json\/wp\/v2\/pages\/195","targetHints":{"allow":["GET"]}}],"collection":[{"href":"https:\/\/www.nuova-asav.it\/it\/wp-json\/wp\/v2\/pages"}],"about":[{"href":"https:\/\/www.nuova-asav.it\/it\/wp-json\/wp\/v2\/types\/page"}],"author":[{"embeddable":true,"href":"https:\/\/www.nuova-asav.it\/it\/wp-json\/wp\/v2\/users\/1"}],"replies":[{"embeddable":true,"href":"https:\/\/www.nuova-asav.it\/it\/wp-json\/wp\/v2\/comments?post=195"}],"version-history":[{"count":10,"href":"https:\/\/www.nuova-asav.it\/it\/wp-json\/wp\/v2\/pages\/195\/revisions"}],"predecessor-version":[{"id":2435,"href":"https:\/\/www.nuova-asav.it\/it\/wp-json\/wp\/v2\/pages\/195\/revisions\/2435"}],"wp:attachment":[{"href":"https:\/\/www.nuova-asav.it\/it\/wp-json\/wp\/v2\/media?parent=195"}],"curies":[{"name":"wp","href":"https:\/\/api.w.org\/{rel}","templated":true}]}}