{"id":921,"date":"2020-06-18T12:04:20","date_gmt":"2020-06-18T10:04:20","guid":{"rendered":"https:\/\/www.nuova-asav.it\/?page_id=921"},"modified":"2020-06-22T16:20:14","modified_gmt":"2020-06-22T14:20:14","slug":"termini-e-condizioni","status":"publish","type":"page","link":"https:\/\/www.nuova-asav.it\/it\/termini-e-condizioni\/","title":{"rendered":"Termini e condizioni"},"content":{"rendered":"<p><\/p>\n<p align=\"JUSTIFY\"><strong>Disposizioni generali<\/strong><\/p>\n<p align=\"JUSTIFY\">Le presenti condizioni sono valide esclusivamente tra Nuova A.S.A.V. snc, di seguito denominato \u201dN.A.\u201d e qualsiasi persona che effettua acquisti online sul sito internet www.nuova-asav.it di seguito denominata \u201dCLIENTE\u201d. Queste condizioni possono essere oggetto di modifiche e la data di pubblicazione delle stesse sul sito equivale alla data di entrata in vigore<\/p>\n<p align=\"JUSTIFY\">Le presenti condizioni disciplinano gli acquisti effettuati sul sito www.nuova-asav.it, conformemente alle disposizioni della Parte III, Titolo III, Capo I, del Codice del Consumo, D.lgs. n. 206\/2005, modificato dal D.lgs. n. 21\/2014 e dal D.lgs. 70\/2003 in materia di commercio elettronico.<br \/>\nARTICOLO 1 \u2013 Oggetto del contratto<\/p>\n<p align=\"JUSTIFY\">Con le presenti condizioni generali di vendita, N.A. vende e il CLIENTE acquista a distanza i beni materiali offerti in vendita sul sito www.nuova-asav.it. Il contratto si conclude esclusivamente attraverso la rete internet, mediante l\u2019accesso del CLIENTE all\u2019indirizzo www.nuova-asav.it e la realizzazione di un ordine di acquisto secondo la procedura prevista dal sito stesso.<\/p>\n<p align=\"JUSTIFY\">Il cliente si impegna a prendere visione, prima di procedere alla conferma del proprio ordine, delle presenti condizioni generali di vendita, in particolare delle informazioni precontrattuali fornite da N.A. e ad accettarle mediante l\u2019apposizione di un flag nella casella indicata.<\/p>\n<p align=\"JUSTIFY\">ARTICOLO 2 \u2013 Informazioni precontrattuali per il consumatore \u2013 art. 49 del D.lgs 206\/2005<\/p>\n<p align=\"JUSTIFY\">Il CLIENTE prima della conclusione del contratto di acquisto, prende visione delle caratteristiche dei beni che vengono illustrate nelle singole schede prodotto al momento della scelta da parte del CLIENTE.<\/p>\n<p align=\"JUSTIFY\">Prima della conclusione del contratto di acquisto e prima della convalida dell\u2019ordine con \u201cobbligo di pagamento\u201d, il CLIENTE \u00e8 informato relativamente a:<\/p>\n<p align=\"JUSTIFY\">\u2013 prezzo totale dei beni comprensivo delle imposte, con il dettaglio delle spese di spedizione e ogni altro-costo;<br \/>\n\u2013modalit\u00e0dipagamento;<br \/>\n\u2013il termine entro il quale N.A. si impegna a consegnare la merce;<br \/>\n\u2013 condizioni, i termini e le procedure per esercitare il diritto di recesso (art. 6 delle presenti condizioni) nonch\u00e9 modulo tipo di recesso di cui all\u2019allegato I, parte B del D.lgs 21\/2014;<br \/>\n\u2013 informazione che il CLIENTE dovr\u00e0 sostenere il costo della restituzione dei beni in caso di recesso;<br \/>\n\u2013 esistenza della garanzia legale di conformit\u00e0 per i beni acquistati;<br \/>\n\u2013 condizioni di assistenza post vendita e garanzie commerciali previste da N.A.<\/p>\n<p align=\"JUSTIFY\">Il CLIENTE pu\u00f2 in qualsiasi momento e comunque prima della conclusione del contratto, prendere conoscenza delle informazioni relative a N.A., l\u2019indirizzo geografico, indirizzo di posta elettronica, informazioni che vengono riportate, anche di seguito:<\/p>\n<p align=\"JUSTIFY\">Nuova A.S.A.V. snc Via dell&#8217;Industria, 44 \u2013 42025 CAVRIAGO (RE)<\/p>\n<p align=\"JUSTIFY\">ARTICOLO 3 \u2013 Conclusione ed efficacia del contratto<\/p>\n<p align=\"JUSTIFY\">Il contratto di vendita \u00e8 considerato concluso con l\u2019invio da parte di N.A. al CLIENTE di un\u2019e-mail di conferma dell\u2019ordine. L\u2019e-mail contiene i dati del CLIENTE e il numero d\u2019ordine, il prezzo della merce acquistata, le spese di spedizione e l\u2019indirizzo di consegna al quale sar\u00e0 inviata la merce e il link per poter stampare e archiviare la copia delle presenti condizioni.<\/p>\n<p align=\"JUSTIFY\">Il CLIENTE si impegna a verificare la correttezza dei dati personali in essa contenuti e a comunicare tempestivamente a N.A. eventuali correzioni.<\/p>\n<p align=\"JUSTIFY\">N.A. si impegna a descrivere e presentare gli articoli venduti sul sito nel miglior modo possibile. Ciononostante potrebbero evidenziarsi alcuni errori, imprecisioni o piccole differenze tra il sito e il prodotto reale. Inoltre le fotografie dei prodotti presentati su www.nuova-asav.it non costituiscono elemento contrattuale, in quanto solo rappresentative.<\/p>\n<p align=\"JUSTIFY\">N.A. si impegna a consegnare la merce entro 8 giorni lavorativi decorrenti dell\u2019invio da parte di N.A. dell\u2019e-mail di conferma d\u2019ordine al CLIENTE.<\/p>\n<p align=\"JUSTIFY\">ARTICOLO 4 \u2013 Disponibilit\u00e0 dei prodotti<\/p>\n<p align=\"JUSTIFY\">La disponibilit\u00e0 dei prodotti si riferisce alla disponibilit\u00e0 effettiva nel momento in cui il CLIENTE effettua l\u2019ordine. Tale disponibilit\u00e0 deve comunque essere considerata puramente indicativa perch\u00e9, per effetto della contemporanea presenza sul sito di pi\u00f9 utenti, i prodotti potrebbero essere venduti ad altri CLIENTI prima della conferma dell\u2019ordine.<\/p>\n<p align=\"JUSTIFY\">Anche in seguito all\u2019invio dell\u2019e-mail di conferma dell\u2019ordine inviata da N.A., potrebbero verificarsi casi di indisponibilit\u00e0 parziale o totale della merce. In questa eventualit\u00e0, l\u2019ordine verr\u00e0 rettificato automaticamente con l\u2019eliminazione del prodotto non disponibile e il CLIENTE verr\u00e0 immediatamente informato via e-mail.<\/p>\n<p align=\"JUSTIFY\">Se il CLIENTE richiede l\u2019annullamento dell\u2019ordine, risolvendo il contratto, N.A. rimborser\u00e0 l\u2019importo pagato entro 14 giorni dal giorno in cui N.A. ha avuto conoscenza della decisione del cliente di risolvere il contratto.<\/p>\n<p align=\"JUSTIFY\">ARTICOLO 5 \u2013 Modalit\u00e0 di pagamento<\/p>\n<p align=\"JUSTIFY\">Ogni pagamento da parte del CLIENTE potr\u00e0 avvenire unicamente a mezzo contrassegno o con metodo di pagamento Paypal.<\/p>\n<p align=\"JUSTIFY\">In caso di pagamento con Paypal, l\u2019effettivo addebito avverr\u00e0 al momento dell\u2019invio da parte di N.A. dell\u2019e-mail di conferma ordine.<\/p>\n<p align=\"JUSTIFY\">ARTICOLO 6 \u2013 Prezzi<\/p>\n<p align=\"JUSTIFY\">Tutti i prezzi di vendita dei prodotti indicati sul sito www.nuova-asav.it sono espressi in Euro e sono comprensivi di IVA al 22%.<\/p>\n<p align=\"JUSTIFY\">I costi di spedizione sono compresi nel prezzo d\u2019acquisto.<\/p>\n<p align=\"JUSTIFY\">Il CLIENTE accetta la facolt\u00e0 di N.A. di modificare i suoi prezzi in qualsiasi momento, tuttavia la merce sar\u00e0 fatturata sulla base dei prezzi indicati sul sito al momento della creazione dell\u2019ordine e indicati nell\u2019e-mail di conferma inviata da N.A. al CLIENTE.<\/p>\n<p align=\"JUSTIFY\">In caso di errore informatico, manuale, tecnico, o di qualsiasi altra natura che possa comportare un cambiamento sostanziale, non previsto da N.A., del prezzo di vendita al pubblico, che lo renda esorbitante o chiaramente irrisorio, l\u2019ordine d\u2019acquisto sar\u00e0 considerato non valido e annullato e l\u2019importo versato dal CLIENTE sar\u00e0 rimborsato entro 14 gg. dal giorno dell\u2019annullamento.<\/p>\n<p align=\"JUSTIFY\">ARTICOLO 7 \u2013 Diritto di recesso<\/p>\n<p align=\"JUSTIFY\">Conformemente alle disposizioni legali in vigore, il CLIENTE ha diritto di recedere dall\u2019acquisto senza alcuna penalit\u00e0 e senza specificarne il motivo, entro il termine di 14 giorni decorrenti dalla data di ricezione dei prodotti.<\/p>\n<p align=\"JUSTIFY\">Il CLIENTE che intende esercitare il diritto di recesso dovr\u00e0 comunicarlo a N.A. tramite dichiarazione esplicita, che potr\u00e0 essere trasmessa a mezzo raccomandata a.r.<\/p>\n<p align=\"JUSTIFY\">Il CLIENTE potr\u00e0 esercitare il diritto di recesso anche inviando una qualsiasi dichiarazione esplicita contenente la decisione di recedere dal contratto. In caso di esercizio del diritto di recesso, il CLIENTE \u00e8 tenuto a restituire i beni INTEGRI e NON UTILIZZATI entro 14 giorni dal giorno in cui ha comunicato a N.A. la propria volont\u00e0 di recedere dal contratto ai sensi dell\u2019art. 57 del D.lgs 206\/2005.<\/p>\n<p align=\"JUSTIFY\">\n<p align=\"JUSTIFY\">La merce dovr\u00e0 essere rispedita a:<\/p>\n<p align=\"JUSTIFY\">Nuova A.S.A.V. snc Via dell&#8217;Industria, 44 \u2013 42025 CAVRIAGO (RE)<\/p>\n<p align=\"JUSTIFY\">I costi diretti della restituzione dei prodotti sono a carico del CLIENTE.<\/p>\n<p align=\"JUSTIFY\">La merce dovr\u00e0 essere restituita integra, nella confezione originale, completa in tutte le sue parti e senza alcun danneggiamento.<\/p>\n<p align=\"JUSTIFY\">N.A. eseguir\u00e0 il rimborso utilizzando lo stesso mezzo di pagamento scelto dal CLIENTE in fase di acquisto. Nel caso di pagamento effettuato con bonifico, e qualora il CLIENTE intenda esercitare il proprio diritto di recesso, dovr\u00e0 fornire a N.A., accedendo alla sezione contattaci, le coordinate bancarie IBAN necessarie all\u2019effettuazione del rimborso, da parte di N.A.<\/p>\n<p align=\"JUSTIFY\">ARTICOLO 8 \u2013 Garanzia legale di conformit\u00e0<\/p>\n<p align=\"JUSTIFY\">In caso di ricezione di prodotti non conformi agli ordini o difettosi, il CLIENTE ha diritto al ripristino senza spese della conformit\u00e0 del prodotto mediante riparazione o sostituzione del prodotto.<\/p>\n<p align=\"JUSTIFY\">ARTICOLO 9 \u2013 Modalit\u00e0 di consegna<\/p>\n<p align=\"JUSTIFY\">N.A. accetter\u00e0 solo ordini da consegnare nel territorio italiano e nella Repubblica di San Marino. I prodotti saranno consegnati tramite corriere espresso SDA\/UPS all\u2019indirizzo indicato dal CLIENTE al momento dell\u2019ordine entro 8 gg. lavorativi dalla data di ricezione da parte del CLIENTE dell\u2019e-mail di conferma ordine inviata da N.A., salvo cause di forza maggiore non imputabili a N.A. o a ritardi dovuti a irreperibilit\u00e0 del CLIENTE.<\/p>\n<p>Le spese di spedizione ammontano a:<\/p>\n<p>ITALIA: citt\u00e0 e province \u20ac 13,00 ( Iva esclusa )<\/p>\n<p>ITALIA: Isole &#8211; Sardegna e Sicilia \u20ac 20,00 ( Iva esclusa )<\/p>\n<p align=\"JUSTIFY\">Ai sensi dell\u2019art. 63 del Codice del Consumo, qualsiasi danno all\u2019imballaggio\/confezione dei Prodotti deve essere dal CLIENTE immediatamente contestato mediante l\u2019apposizione di una riserva di controllo scritta sulla prova di avvenuta consegna. Resta inteso che, una volta firmato il documento di consegna senza alcuna contestazione, Le sar\u00e0 preclusa qualsiasi eccezione riguardo alle caratteristiche esteriori di quanto consegnato.<\/p>\n<p align=\"JUSTIFY\">ARTICOLO 10 \u2013 Responsabilit\u00e0<\/p>\n<p align=\"JUSTIFY\">N.A. non assume alcuna responsabilit\u00e0 per disservizi imputabili a causa di forza maggiore o caso fortuito, anche ove dipendenti da malfunzionamenti e disservizi della rete internet, nel caso in cui non riesca a dare esecuzione all\u2019ordine nei tempi previsti dal contratto.<\/p>\n<p align=\"JUSTIFY\">ARTICOLO 11 \u2013 Accesso al sito<\/p>\n<p align=\"JUSTIFY\">Il CLIENTE ha diritto di accedere al sito per la consultazione e l\u2019effettuazione degli acquisti. Non \u00e8 consentito alcun altro utilizzo, in particolare commerciale, del sito o del suo contenuto. L\u2019integrit\u00e0 degli elementi di questo sito, che siano sonori o visivi, e la relativa tecnologia utilizzata rimangono di propriet\u00e0 di N.A. e sono protetti dal diritto di propriet\u00e0 intellettuale.<\/p>\n<p align=\"JUSTIFY\">ARTICOLO 12 \u2013 Cookies<\/p>\n<p align=\"JUSTIFY\">Il sito web www.nuova-asav.it utilizza i \u201dcookies\u201d. I cookies sono file elettronici che registrano informazioni relative alla navigazione del CLIENTE nel sito (pagine consultate, data ed ora della consultazione, ecc..) e che permettono a N.A. di offrire un servizio personalizzato ai propri clienti.<\/p>\n<p align=\"JUSTIFY\">N.A. informa il Cliente della possibilit\u00e0 di disattivare la creazione di tali file, accedendo al proprio menu di configurazione Internet. Resta inteso che questo impedir\u00e0 al Cliente di procedere all\u2019 acquisto on line.<\/p>\n<p>Per maggiori informazioni si rimanda alla cookie policy dettagliata.<\/p>\n<p align=\"JUSTIFY\">ARTICOLO 13 \u2013 Integralit\u00e0<\/p>\n<p align=\"JUSTIFY\">Le presenti Condizioni Generali di Vendita sono costituite dalla totalit\u00e0 delle clausole che le compongono. Se una o pi\u00f9 disposizioni delle presenti Condizioni Generali di Vendita \u00e8 considerata non valida o dichiarata tale ai sensi della legge, della regolamentazione o in seguito a una decisione da parte di un tribunale avente giurisdizione, le altre disposizioni continueranno ad avere pieno vigore ed efficacia.<\/p>\n<p align=\"JUSTIFY\">ARTICOLO 14 \u2013 Legge applicabile e Foro competente<\/p>\n<p align=\"JUSTIFY\">Le presenti Condizioni Generali di Vendita sono sottoposte alla legge italiana cos\u00ec come il relativo foro competente.<\/p>\n<p align=\"JUSTIFY\">In ogni caso, \u00e8 possibile ricorrere facoltativamente alle procedure di mediazione di cui al D.lgs 28\/2010, per la risoluzione di eventuali controversie insorte nell\u2019interpretazione e nell\u2019esecuzione delle presenti condizioni di vendita.<\/p>\n<p align=\"JUSTIFY\">Si informa il Consumatore residente in Europa che la Commissione Europea ha istituito una piattaforma online che fornisce uno strumento di risoluzione alternativa delle controversie. Tale strumento pu\u00f2 essere utilizzato dal Consumatore europeo per risolvere in via non giudiziale ogni controversia relativa a contratti di vendita di beni e servizi stipulati in rete e\/o derivante dagli stessi.<\/p>\n<p align=\"JUSTIFY\">Di conseguenza, se Lei \u00e8 un Consumatore stabilito in Europa, pu\u00f2 usare tale piattaforma per la risoluzione di ogni disputa nascente dal contratto online stipulato su questo sito.<br \/>\nLa piattaforma Europea ODR \u00e8 disponibile al seguente link: <a href=\"https:\/\/webgate.ec.europa.eu\/odr\" target=\"_top\" rel=\"noopener noreferrer\">https:\/\/webgate.ec.europa.eu\/odr<\/a><\/p>\n<p><\/p>","protected":false},"excerpt":{"rendered":"<p>Disposizioni generali Le presenti condizioni sono valide esclusivamente tra Nuova A.S.A.V. snc, di seguito denominato \u201dN.A.\u201d e qualsiasi persona che effettua acquisti online sul sito internet www.nuova-asav.it di seguito denominata \u201dCLIENTE\u201d. Queste condizioni possono essere oggetto di modifiche e la data di pubblicazione delle stesse sul sito equivale alla data di entrata in vigore Le&hellip;<\/p>\n","protected":false},"author":1,"featured_media":0,"parent":0,"menu_order":0,"comment_status":"closed","ping_status":"closed","template":"","meta":{"footnotes":""},"class_list":["post-921","page","type-page","status-publish","hentry"],"_links":{"self":[{"href":"https:\/\/www.nuova-asav.it\/it\/wp-json\/wp\/v2\/pages\/921","targetHints":{"allow":["GET"]}}],"collection":[{"href":"https:\/\/www.nuova-asav.it\/it\/wp-json\/wp\/v2\/pages"}],"about":[{"href":"https:\/\/www.nuova-asav.it\/it\/wp-json\/wp\/v2\/types\/page"}],"author":[{"embeddable":true,"href":"https:\/\/www.nuova-asav.it\/it\/wp-json\/wp\/v2\/users\/1"}],"replies":[{"embeddable":true,"href":"https:\/\/www.nuova-asav.it\/it\/wp-json\/wp\/v2\/comments?post=921"}],"version-history":[{"count":2,"href":"https:\/\/www.nuova-asav.it\/it\/wp-json\/wp\/v2\/pages\/921\/revisions"}],"predecessor-version":[{"id":932,"href":"https:\/\/www.nuova-asav.it\/it\/wp-json\/wp\/v2\/pages\/921\/revisions\/932"}],"wp:attachment":[{"href":"https:\/\/www.nuova-asav.it\/it\/wp-json\/wp\/v2\/media?parent=921"}],"curies":[{"name":"wp","href":"https:\/\/api.w.org\/{rel}","templated":true}]}}