{"id":291,"date":"2017-07-02T11:01:30","date_gmt":"2017-07-02T09:01:30","guid":{"rendered":"http:\/\/www.nuova-asav.it\/?post_type=product&#038;p=291"},"modified":"2024-03-19T11:21:44","modified_gmt":"2024-03-19T10:21:44","slug":"squadramodelli","status":"publish","type":"product","link":"https:\/\/www.nuova-asav.it\/it\/prodotti\/linea-laboratorio\/squadramodelli\/","title":{"rendered":"Squadramodelli"},"content":{"rendered":"<p>SW1200 \u2013 SD 1200- SDEASY1200<br \/>\nSquadramodelli di nuova concezione, creata con un design ergonomico e razionale, monta un motore potente, bilanciato ed inclinato di 10\u00b0.<br \/>\nLa scocca frontale \u00e8 in materiale plastico ed \u00e8 ricavata ad iniezione, il retro \u00e8 in metallo. Sul piano di lavoro inox, con regolazione millimetrica, sono incise le linee di riferimento per la molatura e i due ampi spazi di appoggio laterali garantiscono sicurezza durante il lavoro.<br \/>\nLa macchina viene fornita con interruttore di sicurezza, elettrovalvola e rubinetto di regolazione per l\u2019acqua nonch\u00e9 presa di corrente per l\u2019azionamento automatico dell\u2019aspiratore.<br \/>\nTutte le connessioni sono poste sul lato posteriore con i tubi di collegamento.<br \/>\nSD1200: versione con disco diamantato in alluminio che pu\u00f2 lavorare sia a secco collegandola all\u2019aspiratore (ASX1027) che ad acqua collegandola alla rete idrica tramite tubi in dotazione.<br \/>\nSW1200: versione con disco in bakelite per uso ad acqua collegandola alla rete idrica tramite tubo in dotazione.<br \/>\nSDEASY1200: versione a secco dotata di dischi flessibili abrasivi al corindone, che si agganciano tramite strap al supporto.<br \/>\nVantaggio di questa macchina \u00e8 la veloce asportazione del gesso durante la squadratura del modello .<\/p>\n<p>DOTAZIONE SD<br \/>\ndisco diamantato in alluminio + tubi di carico e scarico acqua<\/p>\n<p>DOTAZIONE SW<br \/>\ndisco in bakelite + tubi di carico e scarico acqua<\/p>\n<p>DOTAZIONE SDEASY<br \/>\n4 dischi flessibili abrasivi al corindone<\/p>\n<p><img loading=\"lazy\" decoding=\"async\" class=\"alignnone size-full wp-image-292\" src=\"http:\/\/www.nuova-asav.it\/wp-content\/uploads\/2017\/06\/trimmer.jpg\" alt=\"\" width=\"800\" height=\"145\" srcset=\"https:\/\/www.nuova-asav.it\/wp-content\/uploads\/2017\/06\/trimmer.jpg 800w, https:\/\/www.nuova-asav.it\/wp-content\/uploads\/2017\/06\/trimmer-450x82.jpg 450w, https:\/\/www.nuova-asav.it\/wp-content\/uploads\/2017\/06\/trimmer-300x54.jpg 300w, https:\/\/www.nuova-asav.it\/wp-content\/uploads\/2017\/06\/trimmer-768x139.jpg 768w, https:\/\/www.nuova-asav.it\/wp-content\/uploads\/2017\/06\/trimmer-375x68.jpg 375w\" sizes=\"auto, (max-width: 800px) 100vw, 800px\" \/><\/p>","protected":false},"excerpt":{"rendered":"<p>SW1200 \u2013 SD 1200- SDEASY1200<br \/>\nSquadramodelli di nuova concezione, creata con un design ergonomico e razionale, monta un motore potente, bilanciato ed inclinato di 10\u00b0.<\/p>\n[video width=\"1920\" height=\"1080\" mp4=\"https:\/\/www.nuova-asav.it\/wp-content\/uploads\/2019\/09\/Trimmer.mp4\"][\/video]\n<p><a href=\"mailto:info@nuova-asav.it\"><img loading=\"lazy\" decoding=\"async\" class=\"alignnone wp-image-2241\" src=\"https:\/\/www.nuova-asav.it\/wp-content\/uploads\/2020\/03\/bottone-arancione-e1710777270379.png\" alt=\"\" width=\"244\" height=\"133\" srcset=\"https:\/\/www.nuova-asav.it\/wp-content\/uploads\/2020\/03\/bottone-arancione-e1710777270379.png 895w, https:\/\/www.nuova-asav.it\/wp-content\/uploads\/2020\/03\/bottone-arancione-e1710777270379-300x164.png 300w, https:\/\/www.nuova-asav.it\/wp-content\/uploads\/2020\/03\/bottone-arancione-e1710777270379-768x419.png 768w, https:\/\/www.nuova-asav.it\/wp-content\/uploads\/2020\/03\/bottone-arancione-e1710777270379-600x327.png 600w, https:\/\/www.nuova-asav.it\/wp-content\/uploads\/2020\/03\/bottone-arancione-e1710777270379-450x245.png 450w\" sizes=\"auto, (max-width: 244px) 100vw, 244px\" \/><\/a><\/p>\n","protected":false},"featured_media":1419,"comment_status":"closed","ping_status":"closed","template":"","meta":[],"product_brand":[],"product_cat":[67],"product_tag":[],"class_list":{"0":"post-291","1":"product","2":"type-product","3":"status-publish","4":"has-post-thumbnail","6":"product_cat-linea-laboratorio","8":"first","9":"instock","10":"taxable","11":"shipping-taxable","12":"product-type-simple"},"_links":{"self":[{"href":"https:\/\/www.nuova-asav.it\/it\/wp-json\/wp\/v2\/product\/291","targetHints":{"allow":["GET"]}}],"collection":[{"href":"https:\/\/www.nuova-asav.it\/it\/wp-json\/wp\/v2\/product"}],"about":[{"href":"https:\/\/www.nuova-asav.it\/it\/wp-json\/wp\/v2\/types\/product"}],"replies":[{"embeddable":true,"href":"https:\/\/www.nuova-asav.it\/it\/wp-json\/wp\/v2\/comments?post=291"}],"wp:featuredmedia":[{"embeddable":true,"href":"https:\/\/www.nuova-asav.it\/it\/wp-json\/wp\/v2\/media\/1419"}],"wp:attachment":[{"href":"https:\/\/www.nuova-asav.it\/it\/wp-json\/wp\/v2\/media?parent=291"}],"wp:term":[{"taxonomy":"product_brand","embeddable":true,"href":"https:\/\/www.nuova-asav.it\/it\/wp-json\/wp\/v2\/product_brand?post=291"},{"taxonomy":"product_cat","embeddable":true,"href":"https:\/\/www.nuova-asav.it\/it\/wp-json\/wp\/v2\/product_cat?post=291"},{"taxonomy":"product_tag","embeddable":true,"href":"https:\/\/www.nuova-asav.it\/it\/wp-json\/wp\/v2\/product_tag?post=291"}],"curies":[{"name":"wp","href":"https:\/\/api.w.org\/{rel}","templated":true}]}}