{"id":304,"date":"2017-07-08T11:28:28","date_gmt":"2017-07-08T09:28:28","guid":{"rendered":"http:\/\/www.nuova-asav.it\/?post_type=product&#038;p=304"},"modified":"2024-03-19T10:05:57","modified_gmt":"2024-03-19T09:05:57","slug":"miscelatori","status":"publish","type":"product","link":"https:\/\/www.nuova-asav.it\/it\/prodotti\/linea-laboratorio\/miscelatori\/","title":{"rendered":"Miscelatori"},"content":{"rendered":"<p>Mixer MX5 &#8211; MX5R<br \/>\nMiscelatori di comprovata affidabilita&#8217; migliorati in alcuni particolari con un nuovo design, piu&#8217; compatto ed ergonomico.<br \/>\nNuove tazze blu con livello inciso ed una inclinazione dell&#8217;attacco di 10\u00b0, questo oltre a garantire una maneggevolezza migliore della tazza rende l&#8217;impasto piu&#8217; omogeneo sfruttando la gravita che lo fa scivolare dal centro della tazza verso la curvatura.<br \/>\nAdatti per miscelare in assenza di aria, ogni tipo di gesso, rivestimento e silicone. Hanno un moto-riduttore potente e silenzioso, la pompa del vuoto che funziona a secco, un timer elettronico molto preciso con display luminoso e cicalino di stop. I miscelatori possono essere posizionati indifferentemente sul tavolo (versione T con supporto MX270) o fissati a parete (versione W con supporto MX260) e sono sempre forniti con una tazza da 500 c.c. (MX210). La versione MX4 dispone di velocit\u00e0 di rotazione fissa ed unidirezionale.<br \/>\nLa versione MXR dispone di:<br \/>\n&#8211; 30 cicli di lavoro automatici:10 per il gesso, 10 per il rivestimento e 10 per<br \/>\nl\u2019alginato<br \/>\n&#8211; cicli manuali con premiscelazione nei quali possiamo variare a piacere i<br \/>\ntempi di lavoro.<br \/>\nIn ogni programma sono memorizzati i tempi, le velocit\u00e0 ed il senso di rotazione che permettono la miscelazione pi\u00f9 corretta con una estrema semplicit\u00e0 di utilizzo. Le TAZZE, con capacit\u00e0 200cc-500cc-1000cc-2000cc, sono realizzate in materiale SAN con la spatola in acciaio inox e filtro.\u00a0 La tazza MX205 da 200cc, da usare solo con mod. MXR, \u00e8 specifica per la<br \/>\nlavorazione dell\u2019alginato.<\/p>\n<p>&nbsp;<\/p>\n<p><img loading=\"lazy\" decoding=\"async\" class=\"alignnone wp-image-1864\" src=\"https:\/\/www.nuova-asav.it\/wp-content\/uploads\/2017\/07\/tab-1024x224-1.jpg\" alt=\"\" width=\"800\" height=\"175\" srcset=\"https:\/\/www.nuova-asav.it\/wp-content\/uploads\/2017\/07\/tab-1024x224-1.jpg 1024w, https:\/\/www.nuova-asav.it\/wp-content\/uploads\/2017\/07\/tab-1024x224-1-300x66.jpg 300w, https:\/\/www.nuova-asav.it\/wp-content\/uploads\/2017\/07\/tab-1024x224-1-768x168.jpg 768w, https:\/\/www.nuova-asav.it\/wp-content\/uploads\/2017\/07\/tab-1024x224-1-600x131.jpg 600w, https:\/\/www.nuova-asav.it\/wp-content\/uploads\/2017\/07\/tab-1024x224-1-450x98.jpg 450w\" sizes=\"auto, (max-width: 800px) 100vw, 800px\" \/><\/p>","protected":false},"excerpt":{"rendered":"<p>Mixer MX5 &#8211; MX5R<br \/>\nAdatti per miscelare in assenza di aria, ogni tipo di gesso, rivestimento e silicone. Hanno un moto-riduttore potente e silenzioso, la pompa del vuoto che funziona a secco, un timer elettronico molto preciso con display luminoso e cicalino di stop.<\/p>\n<p>&nbsp;<\/p>\n<p><img loading=\"lazy\" decoding=\"async\" class=\"wp-image-1876 alignleft\" src=\"https:\/\/www.nuova-asav.it\/wp-content\/uploads\/2017\/07\/evo-system-2.png\" alt=\"\" width=\"221\" height=\"98\" srcset=\"https:\/\/www.nuova-asav.it\/wp-content\/uploads\/2017\/07\/evo-system-2.png 913w, https:\/\/www.nuova-asav.it\/wp-content\/uploads\/2017\/07\/evo-system-2-300x133.png 300w, https:\/\/www.nuova-asav.it\/wp-content\/uploads\/2017\/07\/evo-system-2-768x340.png 768w, https:\/\/www.nuova-asav.it\/wp-content\/uploads\/2017\/07\/evo-system-2-600x265.png 600w, https:\/\/www.nuova-asav.it\/wp-content\/uploads\/2017\/07\/evo-system-2-450x199.png 450w\" sizes=\"auto, (max-width: 221px) 100vw, 221px\" \/>Il\u00a0 sistema <span style=\"color: #3968cc;\"><strong>EVO SYSTEM<\/strong><\/span> e stato creato per migliorare la miscelazione dei nostri mixers, l\u2019asse di rotazione e\u2019 stato inclinato di 10 \u00b0 permettendo una migliore maneggevolezza della tazza ed una piu\u2019 completa miscelazione del prodotto. L\u2019impasto e\u2019 reso piu\u2019 omogeneo sfruttando la gravita che lo fa scivolare dal centro della tazza verso la curvatura, raccogliendo quei residui che altrimenti rimarrebbero depositati sul fondo.<br \/>\nLe tazze inoltre sono provviste di livello max di riempimento.<\/p>\n<p>https:\/\/youtu.be\/Vya7u12-ODU<\/p>\n<p><a href=\"mailto:info@nuova-asav.it\"><img loading=\"lazy\" decoding=\"async\" class=\"alignnone wp-image-2241\" src=\"https:\/\/www.nuova-asav.it\/wp-content\/uploads\/2020\/03\/bottone-arancione-e1710777270379.png\" alt=\"\" width=\"244\" height=\"133\" srcset=\"https:\/\/www.nuova-asav.it\/wp-content\/uploads\/2020\/03\/bottone-arancione-e1710777270379.png 895w, https:\/\/www.nuova-asav.it\/wp-content\/uploads\/2020\/03\/bottone-arancione-e1710777270379-300x164.png 300w, https:\/\/www.nuova-asav.it\/wp-content\/uploads\/2020\/03\/bottone-arancione-e1710777270379-768x419.png 768w, https:\/\/www.nuova-asav.it\/wp-content\/uploads\/2020\/03\/bottone-arancione-e1710777270379-600x327.png 600w, https:\/\/www.nuova-asav.it\/wp-content\/uploads\/2020\/03\/bottone-arancione-e1710777270379-450x245.png 450w\" sizes=\"auto, (max-width: 244px) 100vw, 244px\" \/><\/a><\/p>\n<p>&nbsp;<\/p>\n<p>&nbsp;<\/p>\n","protected":false},"featured_media":1858,"comment_status":"closed","ping_status":"closed","template":"","meta":[],"product_brand":[],"product_cat":[67],"product_tag":[],"class_list":{"0":"post-304","1":"product","2":"type-product","3":"status-publish","4":"has-post-thumbnail","6":"product_cat-linea-laboratorio","8":"first","9":"instock","10":"taxable","11":"shipping-taxable","12":"product-type-simple"},"_links":{"self":[{"href":"https:\/\/www.nuova-asav.it\/it\/wp-json\/wp\/v2\/product\/304","targetHints":{"allow":["GET"]}}],"collection":[{"href":"https:\/\/www.nuova-asav.it\/it\/wp-json\/wp\/v2\/product"}],"about":[{"href":"https:\/\/www.nuova-asav.it\/it\/wp-json\/wp\/v2\/types\/product"}],"replies":[{"embeddable":true,"href":"https:\/\/www.nuova-asav.it\/it\/wp-json\/wp\/v2\/comments?post=304"}],"wp:featuredmedia":[{"embeddable":true,"href":"https:\/\/www.nuova-asav.it\/it\/wp-json\/wp\/v2\/media\/1858"}],"wp:attachment":[{"href":"https:\/\/www.nuova-asav.it\/it\/wp-json\/wp\/v2\/media?parent=304"}],"wp:term":[{"taxonomy":"product_brand","embeddable":true,"href":"https:\/\/www.nuova-asav.it\/it\/wp-json\/wp\/v2\/product_brand?post=304"},{"taxonomy":"product_cat","embeddable":true,"href":"https:\/\/www.nuova-asav.it\/it\/wp-json\/wp\/v2\/product_cat?post=304"},{"taxonomy":"product_tag","embeddable":true,"href":"https:\/\/www.nuova-asav.it\/it\/wp-json\/wp\/v2\/product_tag?post=304"}],"curies":[{"name":"wp","href":"https:\/\/api.w.org\/{rel}","templated":true}]}}