{"id":438,"date":"2017-06-15T12:16:12","date_gmt":"2017-06-15T10:16:12","guid":{"rendered":"http:\/\/www.nuova-asav.it\/?post_type=product&#038;p=438"},"modified":"2024-03-19T11:54:20","modified_gmt":"2024-03-19T10:54:20","slug":"micro-sabbiatrici","status":"publish","type":"product","link":"https:\/\/www.nuova-asav.it\/it\/prodotti\/linea-laboratorio\/micro-sabbiatrici\/","title":{"rendered":"Micro Sabbiatrici"},"content":{"rendered":"<p>Nuova serie di micro sabbiatrici a 1-2-3 moduli adatte ad operazioni di sgrossatura di rivestimenti, pulizia e brillantatura superficiale dei metalli.<br \/>\nCostruite in conformit\u00e0 alle normative Cee, sono realizzate usando materiali di qualit\u00e0 e si distinguono per le seguenti particolarit\u00e0:<br \/>\n&#8211; Possibilit\u00e0 di sabbiare con ossido di alluminio o microsfere di vetro con granulometrie comprese tra 25 e 250um.<br \/>\n&#8211; Comando a pedale.<br \/>\n&#8211; Predisposizione attacco aspiratore esterno.<br \/>\n&#8211; Regolatore di pressione e manometro per ciascun cilindro sabbia.<br \/>\n&#8211; Selettore sabbie unico posto all\u2019interno della cabina di sabbiatura<br \/>\n&#8211; Perfetta visibilit\u00e0 e illuminazione.<br \/>\n&#8211; Sportello con tirante per una chiusura perfetta della cabina di sabbiatura.<br \/>\n&#8211; Filtro aria<br \/>\nL\u2019operatore all\u2019atto dell\u2019ordine pu\u00f2 scegliere in base alle proprie esigenze tra i moduli a disposizione 25\/50 \u03bcm ugello d. 0,5 &#8211; 50\/100 \u03bcm ugello d. 0,8 &#8211; 110\/250 \u03bcm ugello d. 1,3.<\/p>\n<p><a href=\"https:\/\/www.nuova-asav.it\/wp-content\/uploads\/2017\/06\/tabella-sab-123.jpg\"><img loading=\"lazy\" decoding=\"async\" class=\"alignnone wp-image-1582\" src=\"https:\/\/www.nuova-asav.it\/wp-content\/uploads\/2017\/06\/tabella-sab-123.jpg\" alt=\"\" width=\"861\" height=\"249\" srcset=\"https:\/\/www.nuova-asav.it\/wp-content\/uploads\/2017\/06\/tabella-sab-123.jpg 1227w, https:\/\/www.nuova-asav.it\/wp-content\/uploads\/2017\/06\/tabella-sab-123-300x87.jpg 300w, https:\/\/www.nuova-asav.it\/wp-content\/uploads\/2017\/06\/tabella-sab-123-1024x296.jpg 1024w, https:\/\/www.nuova-asav.it\/wp-content\/uploads\/2017\/06\/tabella-sab-123-768x222.jpg 768w, https:\/\/www.nuova-asav.it\/wp-content\/uploads\/2017\/06\/tabella-sab-123-600x174.jpg 600w, https:\/\/www.nuova-asav.it\/wp-content\/uploads\/2017\/06\/tabella-sab-123-450x130.jpg 450w\" sizes=\"auto, (max-width: 861px) 100vw, 861px\" \/><\/a><\/p>\n<p>&nbsp;<\/p>","protected":false},"excerpt":{"rendered":"<p>Nuova serie di micro sabbiatrici a 1-2-3 moduli adatte ad operazioni di sgrossatura di rivestimenti, pulizia e brillantatura superficiale dei metalli.<\/p>\n<p><a href=\"mailto:info@nuova-asav.it\"><img loading=\"lazy\" decoding=\"async\" class=\"alignnone wp-image-2241\" src=\"https:\/\/www.nuova-asav.it\/wp-content\/uploads\/2020\/03\/bottone-arancione-e1710777270379.png\" alt=\"\" width=\"244\" height=\"133\" srcset=\"https:\/\/www.nuova-asav.it\/wp-content\/uploads\/2020\/03\/bottone-arancione-e1710777270379.png 895w, https:\/\/www.nuova-asav.it\/wp-content\/uploads\/2020\/03\/bottone-arancione-e1710777270379-300x164.png 300w, https:\/\/www.nuova-asav.it\/wp-content\/uploads\/2020\/03\/bottone-arancione-e1710777270379-768x419.png 768w, https:\/\/www.nuova-asav.it\/wp-content\/uploads\/2020\/03\/bottone-arancione-e1710777270379-600x327.png 600w, https:\/\/www.nuova-asav.it\/wp-content\/uploads\/2020\/03\/bottone-arancione-e1710777270379-450x245.png 450w\" sizes=\"auto, (max-width: 244px) 100vw, 244px\" \/><\/a><\/p>\n","protected":false},"featured_media":1968,"comment_status":"closed","ping_status":"closed","template":"","meta":[],"product_brand":[],"product_cat":[67],"product_tag":[],"class_list":{"0":"post-438","1":"product","2":"type-product","3":"status-publish","4":"has-post-thumbnail","6":"product_cat-linea-laboratorio","8":"first","9":"instock","10":"taxable","11":"shipping-taxable","12":"product-type-simple"},"_links":{"self":[{"href":"https:\/\/www.nuova-asav.it\/it\/wp-json\/wp\/v2\/product\/438","targetHints":{"allow":["GET"]}}],"collection":[{"href":"https:\/\/www.nuova-asav.it\/it\/wp-json\/wp\/v2\/product"}],"about":[{"href":"https:\/\/www.nuova-asav.it\/it\/wp-json\/wp\/v2\/types\/product"}],"replies":[{"embeddable":true,"href":"https:\/\/www.nuova-asav.it\/it\/wp-json\/wp\/v2\/comments?post=438"}],"wp:featuredmedia":[{"embeddable":true,"href":"https:\/\/www.nuova-asav.it\/it\/wp-json\/wp\/v2\/media\/1968"}],"wp:attachment":[{"href":"https:\/\/www.nuova-asav.it\/it\/wp-json\/wp\/v2\/media?parent=438"}],"wp:term":[{"taxonomy":"product_brand","embeddable":true,"href":"https:\/\/www.nuova-asav.it\/it\/wp-json\/wp\/v2\/product_brand?post=438"},{"taxonomy":"product_cat","embeddable":true,"href":"https:\/\/www.nuova-asav.it\/it\/wp-json\/wp\/v2\/product_cat?post=438"},{"taxonomy":"product_tag","embeddable":true,"href":"https:\/\/www.nuova-asav.it\/it\/wp-json\/wp\/v2\/product_tag?post=438"}],"curies":[{"name":"wp","href":"https:\/\/api.w.org\/{rel}","templated":true}]}}